{"id":14905,"date":"2021-02-01T11:16:28","date_gmt":"2021-02-01T11:16:28","guid":{"rendered":"http:\/\/intandemconsulting.com\/home\/"},"modified":"2022-01-13T11:54:25","modified_gmt":"2022-01-13T10:54:25","slug":"home","status":"publish","type":"page","link":"https:\/\/intandemconsulting.com\/de\/","title":{"rendered":"Intandem | Bussines &#8211; Negocios"},"content":{"rendered":"\t\t<div data-elementor-type=\"wp-page\" data-elementor-id=\"14905\" class=\"elementor elementor-14905 elementor-12991\">\n\t\t\t\t\t\t<section class=\"elementor-section elementor-top-section elementor-element elementor-element-d1d7577 elementor-section-full_width elementor-section-height-default elementor-section-height-default qodef-elementor-content-no\" data-id=\"d1d7577\" data-element_type=\"section\">\n\t\t\t\t\t\t<div class=\"elementor-container elementor-column-gap-default\">\n\t\t\t\t\t<div class=\"elementor-column elementor-col-100 elementor-top-column elementor-element elementor-element-ca2b424\" data-id=\"ca2b424\" data-element_type=\"column\">\n\t\t\t<div class=\"elementor-widget-wrap elementor-element-populated\">\n\t\t\t\t\t\t<div class=\"elementor-element elementor-element-66784ef elementor-widget elementor-widget-slider_revolution\" data-id=\"66784ef\" data-element_type=\"widget\" data-widget_type=\"slider_revolution.default\">\n\t\t\t\t<div class=\"elementor-widget-container\">\n\t\t\t\t\t\n\t\t<div class=\"wp-block-themepunch-revslider\">\n\t\t\t<!-- START homeslider DE REVOLUTION SLIDER 6.5.3 --><p class=\"rs-p-wp-fix\"><\/p>\n\t\t\t<rs-module-wrap id=\"rev_slider_30_1_wrapper\" data-source=\"gallery\" style=\"visibility:hidden;background:transparent;padding:0;\">\n\t\t\t\t<rs-module id=\"rev_slider_30_1\" style=\"\" data-version=\"6.5.3\">\n\t\t\t\t\t<rs-slides>\n\t\t\t\t\t\t<rs-slide data-key=\"rs-58\" data-title=\"Slide 1\" data-anim=\"ms:590;\" data-in=\"o:0;\" data-out=\"a:false;\" data-p1=\"1\" data-p2=\"3\">\n\t\t\t\t\t\t\t<img fetchpriority=\"high\" decoding=\"async\" src=\"\/\/intandemconsulting.com\/wp-content\/plugins\/revslider\/public\/assets\/assets\/dummy.png\" title=\"Video_Edificio_negocios_50.jpeg\" width=\"1920\" height=\"1080\" class=\"rev-slidebg tp-rs-img rs-lazyload\" data-lazyload=\"\/\/intandemconsulting.com\/wp-content\/uploads\/revslider\/video-media\/Video_Edificio_negocios_50.jpeg\" data-parallax=\"5\" data-no-retina>\n\t\t\t\t\t\t\t<rs-bgvideo \n\t\t\t\t\t\t\t\tdata-video=\"w:100%;h:100%;nse:false;l:true;ptimer:false;vfc:true;\"\n\t\t\t\t\t\t\t\tdata-mp4=\"\/\/intandemconsulting.com\/wp-content\/uploads\/2021\/09\/Video_Edificio_negocios.mp4\"\n\t\t\t\t\t\t\t><\/rs-bgvideo>\n<!--\n\t\t\t\t\t\t\t--><rs-layer\n\t\t\t\t\t\t\t\tid=\"slider-30-slide-58-layer-5\" \n\t\t\t\t\t\t\t\tdata-type=\"image\"\n\t\t\t\t\t\t\t\tdata-rsp_ch=\"on\"\n\t\t\t\t\t\t\t\tdata-xy=\"x:c;yo:481px,377px,350px,164px;\"\n\t\t\t\t\t\t\t\tdata-text=\"w:normal;s:20,15,13,6;l:0,19,17,7;\"\n\t\t\t\t\t\t\t\tdata-dim=\"w:404px,317px,295px,138px;h:55px,43px,40px,18px;\"\n\t\t\t\t\t\t\t\tdata-frame_1=\"e:power4.inOut;st:5510;sp:1500;\"\n\t\t\t\t\t\t\t\tdata-frame_999=\"y:100%;o:0;e:power4.inOut;st:w;sp:1200;\"\n\t\t\t\t\t\t\t\tstyle=\"z-index:12;\"\n\t\t\t\t\t\t\t><img decoding=\"async\" src=\"\/\/intandemconsulting.com\/wp-content\/plugins\/revslider\/public\/assets\/assets\/dummy.png\" class=\"tp-rs-img rs-lazyload\" width=\"577\" height=\"78\" data-lazyload=\"\/\/intandemconsulting.com\/wp-content\/uploads\/2021\/09\/Empresarial-DE.png\" data-no-retina> \n\t\t\t\t\t\t\t<\/rs-layer><!--\n\n\t\t\t\t\t\t\t--><rs-layer\n\t\t\t\t\t\t\t\tid=\"slider-30-slide-58-layer-6\" \n\t\t\t\t\t\t\t\tdata-type=\"image\"\n\t\t\t\t\t\t\t\tdata-rsp_ch=\"on\"\n\t\t\t\t\t\t\t\tdata-xy=\"x:c;yo:320px,251px,233px,109px;\"\n\t\t\t\t\t\t\t\tdata-text=\"w:normal;s:20,15,13,6;l:0,19,17,7;\"\n\t\t\t\t\t\t\t\tdata-dim=\"w:975px,766px,713px,340px;h:150px,117px,108px,52px;\"\n\t\t\t\t\t\t\t\tdata-frame_1=\"e:power4.inOut;st:4040;sp:1500;\"\n\t\t\t\t\t\t\t\tdata-frame_999=\"o:0;st:w;sp:1500;sR:2780;\"\n\t\t\t\t\t\t\t\tstyle=\"z-index:13;\"\n\t\t\t\t\t\t\t><img decoding=\"async\" src=\"\/\/intandemconsulting.com\/wp-content\/plugins\/revslider\/public\/assets\/assets\/dummy.png\" class=\"tp-rs-img rs-lazyload\" width=\"1197\" height=\"184\" data-lazyload=\"\/\/intandemconsulting.com\/wp-content\/uploads\/2021\/09\/Expansion-DE.png\" data-no-retina> \n\t\t\t\t\t\t\t<\/rs-layer><!--\n\n\t\t\t\t\t\t\t--><rs-layer\n\t\t\t\t\t\t\t\tid=\"slider-30-slide-58-layer-7\" \n\t\t\t\t\t\t\t\tdata-type=\"image\"\n\t\t\t\t\t\t\t\tdata-rsp_ch=\"on\"\n\t\t\t\t\t\t\t\tdata-xy=\"x:c;yo:339px,266px,247px,115px;\"\n\t\t\t\t\t\t\t\tdata-text=\"w:normal;s:20,15,13,6;l:0,19,17,7;\"\n\t\t\t\t\t\t\t\tdata-dim=\"w:375px,294px,273px,127px;h:114px,89px,82px,38px;\"\n\t\t\t\t\t\t\t\tdata-ford=\"frame_0;frame_999;frame_1;\"\n\t\t\t\t\t\t\t\tdata-frame_1=\"e:power4.inOut;st:9450;sp:1500;sR:9450;\"\n\t\t\t\t\t\t\t\tdata-frame_999=\"o:0;st:w;sR:4050;\"\n\t\t\t\t\t\t\t\tstyle=\"z-index:15;\"\n\t\t\t\t\t\t\t><img loading=\"lazy\" decoding=\"async\" src=\"\/\/intandemconsulting.com\/wp-content\/plugins\/revslider\/public\/assets\/assets\/dummy.png\" class=\"tp-rs-img rs-lazyload\" width=\"552\" height=\"168\" data-lazyload=\"\/\/intandemconsulting.com\/wp-content\/uploads\/2021\/08\/logo-intandem-blanco.png\" data-no-retina> \n\t\t\t\t\t\t\t<\/rs-layer><!--\n\n\t\t\t\t\t\t\t--><rs-layer\n\t\t\t\t\t\t\t\tid=\"slider-30-slide-58-layer-11\" \n\t\t\t\t\t\t\t\tdata-type=\"image\"\n\t\t\t\t\t\t\t\tdata-rsp_ch=\"on\"\n\t\t\t\t\t\t\t\tdata-xy=\"x:c;yo:338px,265px,246px,115px;\"\n\t\t\t\t\t\t\t\tdata-text=\"w:normal;s:20,15,13,6;l:0,19,17,7;\"\n\t\t\t\t\t\t\t\tdata-dim=\"w:373px,293px,272px,340px;h:114px,89px,82px,103px;\"\n\t\t\t\t\t\t\t\tdata-frame_1=\"st:1300;sp:1000;sR:1300;\"\n\t\t\t\t\t\t\t\tdata-frame_999=\"o:0;st:3280;sp:1500;sR:980;\"\n\t\t\t\t\t\t\t\tstyle=\"z-index:14;\"\n\t\t\t\t\t\t\t><img loading=\"lazy\" decoding=\"async\" src=\"\/\/intandemconsulting.com\/wp-content\/plugins\/revslider\/public\/assets\/assets\/dummy.png\" class=\"tp-rs-img rs-lazyload\" width=\"552\" height=\"168\" data-lazyload=\"\/\/intandemconsulting.com\/wp-content\/uploads\/2021\/08\/logo-intandem-blanco.png\" data-no-retina> \n\t\t\t\t\t\t\t<\/rs-layer><!--\n-->\t\t\t\t\t\t<\/rs-slide>\n\t\t\t\t\t<\/rs-slides>\n\t\t\t\t\t<rs-static-layers><!--\n\t\t\t\t\t--><\/rs-static-layers>\n\t\t\t\t<\/rs-module>\n\t\t\t\t<script type=\"text\/javascript\">\n\t\t\t\t\tsetREVStartSize({c: 'rev_slider_30_1',rl:[1920,1100,778,480],el:[900,768,960,600],gw:[1400,1100,1024,480],gh:[900,768,960,600],type:'standard',justify:'',layout:'fullscreen',offsetContainer:'',offset:'',mh:\"0\"});\n\t\t\t\t<\/script>\n\t\t\t<\/rs-module-wrap>\n\t\t\t<!-- END REVOLUTION SLIDER -->\n<\/div>\n\n\t\t\t\t\t\t<\/div>\n\t\t\t\t<\/div>\n\t\t\t\t\t<\/div>\n\t\t<\/div>\n\t\t\t\t\t<\/div>\n\t\t<\/section>\n\t\t\t\t<section class=\"elementor-section elementor-top-section elementor-element elementor-element-a965f81 elementor-section-full_width qodef-elementor-content-grid elementor-section-height-default elementor-section-height-default\" data-id=\"a965f81\" data-element_type=\"section\">\n\t\t\t\t\t\t<div class=\"elementor-container elementor-column-gap-default\">\n\t\t\t\t\t<div class=\"elementor-column elementor-col-50 elementor-top-column elementor-element elementor-element-d18309e\" data-id=\"d18309e\" data-element_type=\"column\">\n\t\t\t<div class=\"elementor-widget-wrap elementor-element-populated\">\n\t\t\t\t\t\t<div class=\"elementor-element elementor-element-c77af0a elementor-widget__width-initial elementor-widget-tablet__width-initial elementor-invisible elementor-widget elementor-widget-valiance_core_section_title\" data-id=\"c77af0a\" data-element_type=\"widget\" data-settings=\"{&quot;_animation&quot;:&quot;fadeInDown&quot;}\" data-widget_type=\"valiance_core_section_title.default\">\n\t\t\t\t<div class=\"elementor-widget-container\">\n\t\t\t\t\t<div class=\"qodef-shortcode qodef-m  qodef-section-title qodef-alignment--left  \">\n\t\t<p class=\"qodef-m-subtitle\" style=\"color: #8B8B8B;margin-bottom: 10px\">Our Business thrives<\/p>\n\t\t<h1 class=\"qodef-m-title\" >\n\t\t\t\t\tWir sind ein internationales Beratungsunternehmen, spezialisiert auf Gesch\u00e4ftswachstum und Franchise.\t\t\t<\/h1>\n\t\t<p class=\"qodef-m-text\" style=\"margin-top: 23px;font-size: 21px;line-height: 30px;color: #575757\">Unseres multidisziplin\u00e4res und erfahrendes Team unterst\u00fctz Ihnen bei erfolgreicher Gesamtl\u00f6sungen in verschiedenen Bereiche wie Expansion, Recht, Unternehmensberatung, Beteiligungsmanagement, Personal, Qualit\u00e4t und Marketing.<\/p>\n<\/div>\n\t\t\t\t<\/div>\n\t\t\t\t<\/div>\n\t\t\t\t<div class=\"elementor-element elementor-element-e425b9f elementor-invisible elementor-widget elementor-widget-text-editor\" data-id=\"e425b9f\" data-element_type=\"widget\" data-settings=\"{&quot;_animation&quot;:&quot;fadeInDown&quot;}\" data-widget_type=\"text-editor.default\">\n\t\t\t\t<div class=\"elementor-widget-container\">\n\t\t\t\t\t\t\t\t\t<p>Mit einer konsolidierten Pr\u00e4senz in viele L\u00e4ndern sind wir Fachspezialisten f\u00fcr den <strong>MarktSpezialist f\u00fcr internationale M\u00e4rkte<\/strong>.<\/p><p><strong>\u00a0<\/strong><\/p>\t\t\t\t\t\t\t\t<\/div>\n\t\t\t\t<\/div>\n\t\t\t\t<div class=\"elementor-element elementor-element-2288177 elementor-hidden-desktop elementor-hidden-tablet elementor-hidden-mobile elementor-widget elementor-widget-valiance_core_button\" data-id=\"2288177\" data-element_type=\"widget\" data-widget_type=\"valiance_core_button.default\">\n\t\t\t\t<div class=\"elementor-widget-container\">\n\t\t\t\t\t<a class=\"qodef-shortcode qodef-m  qodef-button qodef-layout--filled  qodef-html--link\" href=\"https:\/\/valiance.qodeinteractive.com\/our-team\/\" target=\"_self\" rel=\"noopener\">\n\t<span class=\"qodef-m-text\">View more<\/span>\n\t<span class=\"qodef-m-icon-arrow-wrapper\">\n\t\t<span class=\"qodef-m-icon-arrow qodef-m-icon-arrow1\"><svg  xmlns=\"http:\/\/www.w3.org\/2000\/svg\" width=\"26\" height=\"7\" viewBox=\"0 0 26 7\"><g transform=\"translate(-708.5 -168)\"><line x1=\"20\" transform=\"translate(708.5 171.5)\" fill=\"none\" stroke=\"#fff\" stroke-width=\"1\"\/><path d=\"M3.5,0,7,6H0Z\" transform=\"translate(734.5 168) rotate(90)\" fill=\"#fff\"\/><\/g><\/svg><\/span>\n\t\t<span class=\"qodef-m-icon-arrow qodef-m-icon-arrow2\"><svg  xmlns=\"http:\/\/www.w3.org\/2000\/svg\" width=\"26\" height=\"7\" viewBox=\"0 0 26 7\"><g transform=\"translate(-708.5 -168)\"><line x1=\"20\" transform=\"translate(708.5 171.5)\" fill=\"none\" stroke=\"#fff\" stroke-width=\"1\"\/><path d=\"M3.5,0,7,6H0Z\" transform=\"translate(734.5 168) rotate(90)\" fill=\"#fff\"\/><\/g><\/svg><\/span>\n\t<\/span>\n<\/a>\n\t\t\t\t<\/div>\n\t\t\t\t<\/div>\n\t\t\t\t\t<\/div>\n\t\t<\/div>\n\t\t\t\t<div class=\"elementor-column elementor-col-50 elementor-top-column elementor-element elementor-element-aaf9d48\" data-id=\"aaf9d48\" data-element_type=\"column\">\n\t\t\t<div class=\"elementor-widget-wrap\">\n\t\t\t\t\t\t\t<\/div>\n\t\t<\/div>\n\t\t\t\t\t<\/div>\n\t\t<\/section>\n\t\t\t\t<section class=\"elementor-section elementor-top-section elementor-element elementor-element-44a3a65 elementor-section-full_width qodef-elementor-content-grid elementor-section-height-default elementor-section-height-default\" data-id=\"44a3a65\" data-element_type=\"section\">\n\t\t\t\t\t\t<div class=\"elementor-container elementor-column-gap-default\">\n\t\t\t\t\t<div class=\"elementor-column elementor-col-50 elementor-top-column elementor-element elementor-element-0c14c81\" data-id=\"0c14c81\" data-element_type=\"column\">\n\t\t\t<div class=\"elementor-widget-wrap elementor-element-populated\">\n\t\t\t\t\t\t<div class=\"elementor-element elementor-element-b73c7a3 animated-slow elementor-invisible elementor-widget elementor-widget-valiance_core_single_image\" data-id=\"b73c7a3\" data-element_type=\"widget\" data-settings=\"{&quot;_animation&quot;:&quot;fadeIn&quot;,&quot;_animation_delay&quot;:1000}\" data-widget_type=\"valiance_core_single_image.default\">\n\t\t\t\t<div class=\"elementor-widget-container\">\n\t\t\t\t\t<div class=\"qodef-shortcode qodef-m  qodef-single-image qodef-layout--default  \">\n\t<div class=\"qodef-m-image\">\n\t\t\t<img loading=\"lazy\" decoding=\"async\" width=\"851\" height=\"501\" src=\"https:\/\/intandemconsulting.com\/wp-content\/uploads\/2021\/08\/mapamundi.png\" class=\"attachment-full size-full\" alt=\"\" srcset=\"https:\/\/intandemconsulting.com\/wp-content\/uploads\/2021\/08\/mapamundi.png 851w, https:\/\/intandemconsulting.com\/wp-content\/uploads\/2021\/08\/mapamundi-300x177.png 300w, https:\/\/intandemconsulting.com\/wp-content\/uploads\/2021\/08\/mapamundi-768x452.png 768w, https:\/\/intandemconsulting.com\/wp-content\/uploads\/2021\/08\/mapamundi-600x353.png 600w\" sizes=\"(max-width: 851px) 100vw, 851px\" \/>\t<\/div>\n<\/div>\n\t\t\t\t<\/div>\n\t\t\t\t<\/div>\n\t\t\t\t\t<\/div>\n\t\t<\/div>\n\t\t\t\t<div class=\"elementor-column elementor-col-50 elementor-top-column elementor-element elementor-element-79c3956\" data-id=\"79c3956\" data-element_type=\"column\">\n\t\t\t<div class=\"elementor-widget-wrap elementor-element-populated\">\n\t\t\t\t\t\t<div class=\"elementor-element elementor-element-6534dbc elementor-invisible elementor-widget elementor-widget-heading\" data-id=\"6534dbc\" data-element_type=\"widget\" data-settings=\"{&quot;_animation&quot;:&quot;fadeInDown&quot;}\" data-widget_type=\"heading.default\">\n\t\t\t\t<div class=\"elementor-widget-container\">\n\t\t\t\t\t<h1 class=\"elementor-heading-title elementor-size-default\">Wir tragen zur Entwicklung globaler Initiativen bei<\/h1>\t\t\t\t<\/div>\n\t\t\t\t<\/div>\n\t\t\t\t<div class=\"elementor-element elementor-element-30bdaa0 elementor-invisible elementor-widget elementor-widget-text-editor\" data-id=\"30bdaa0\" data-element_type=\"widget\" data-settings=\"{&quot;_animation&quot;:&quot;fadeInDown&quot;}\" data-widget_type=\"text-editor.default\">\n\t\t\t\t<div class=\"elementor-widget-container\">\n\t\t\t\t\t\t\t\t\t<ul><li>Wir f\u00fchren <strong>ma\u00dfgeschneiderte Beratungsleistungen<\/strong> durch.<\/li><\/ul>\t\t\t\t\t\t\t\t<\/div>\n\t\t\t\t<\/div>\n\t\t\t\t<div class=\"elementor-element elementor-element-031bfb9 elementor-invisible elementor-widget elementor-widget-text-editor\" data-id=\"031bfb9\" data-element_type=\"widget\" data-settings=\"{&quot;_animation&quot;:&quot;fadeInDown&quot;}\" data-widget_type=\"text-editor.default\">\n\t\t\t\t<div class=\"elementor-widget-container\">\n\t\t\t\t\t\t\t\t\t<ul><li>Wir konzipieren <strong>Wachstums- und Expansionsstrategien<\/strong>.<\/li><\/ul>\t\t\t\t\t\t\t\t<\/div>\n\t\t\t\t<\/div>\n\t\t\t\t<div class=\"elementor-element elementor-element-f94c2d5 elementor-invisible elementor-widget elementor-widget-text-editor\" data-id=\"f94c2d5\" data-element_type=\"widget\" data-settings=\"{&quot;_animation&quot;:&quot;fadeInDown&quot;}\" data-widget_type=\"text-editor.default\">\n\t\t\t\t<div class=\"elementor-widget-container\">\n\t\t\t\t\t\t\t\t\t<ul><li>Erschlie\u00dfen Sie neue<strong> nationale und internationale M\u00e4rkte.<\/strong>.<\/li><\/ul>\t\t\t\t\t\t\t\t<\/div>\n\t\t\t\t<\/div>\n\t\t\t\t<div class=\"elementor-element elementor-element-9a0a9a4 elementor-invisible elementor-widget elementor-widget-text-editor\" data-id=\"9a0a9a4\" data-element_type=\"widget\" data-settings=\"{&quot;_animation&quot;:&quot;fadeInDown&quot;}\" data-widget_type=\"text-editor.default\">\n\t\t\t\t<div class=\"elementor-widget-container\">\n\t\t\t\t\t\t\t\t\t<ul><li>Wir generieren<strong> Gesch\u00e4ftsm\u00f6glichkeiten<\/strong>.<\/li><\/ul>\t\t\t\t\t\t\t\t<\/div>\n\t\t\t\t<\/div>\n\t\t\t\t<div class=\"elementor-element elementor-element-d6dd8e4 elementor-invisible elementor-widget elementor-widget-text-editor\" data-id=\"d6dd8e4\" data-element_type=\"widget\" data-settings=\"{&quot;_animation&quot;:&quot;fadeInDown&quot;}\" data-widget_type=\"text-editor.default\">\n\t\t\t\t<div class=\"elementor-widget-container\">\n\t\t\t\t\t\t\t\t\t<ul><li><strong>Wir managen Talente<\/strong> und arbeiten an Ihrer Ausbildung mit.<\/li><\/ul>\t\t\t\t\t\t\t\t<\/div>\n\t\t\t\t<\/div>\n\t\t\t\t<div class=\"elementor-element elementor-element-d28c05b elementor-invisible elementor-widget elementor-widget-text-editor\" data-id=\"d28c05b\" data-element_type=\"widget\" data-settings=\"{&quot;_animation&quot;:&quot;fadeInDown&quot;}\" data-widget_type=\"text-editor.default\">\n\t\t\t\t<div class=\"elementor-widget-container\">\n\t\t\t\t\t\t\t\t\t<ul><li>Wir erstellen spezifische <strong>Kommunikations- und Marketingpl\u00e4ne<\/strong>.<\/li><\/ul>\t\t\t\t\t\t\t\t<\/div>\n\t\t\t\t<\/div>\n\t\t\t\t<div class=\"elementor-element elementor-element-7cb6334 elementor-invisible elementor-widget elementor-widget-valiance_core_button\" data-id=\"7cb6334\" data-element_type=\"widget\" data-settings=\"{&quot;_animation&quot;:&quot;fadeInUp&quot;}\" data-widget_type=\"valiance_core_button.default\">\n\t\t\t\t<div class=\"elementor-widget-container\">\n\t\t\t\t\t<a class=\"qodef-shortcode qodef-m  qodef-button qodef-layout--outlined  qodef-html--link\" href=\"\/de\/dienstleistungen\/\" target=\"_self\"  >\n\t<span class=\"qodef-m-line-top\"  ><\/span>\n\t<span class=\"qodef-m-line-bottom\"  ><\/span>\n\t<span class=\"qodef-m-text\">Mehr sehen<\/span>\n\t<span class=\"qodef-m-icon-arrow-wrapper\">\n\t\t<span class=\"qodef-m-icon-arrow qodef-m-icon-arrow1\"><svg  xmlns=\"http:\/\/www.w3.org\/2000\/svg\" width=\"26\" height=\"7\" viewBox=\"0 0 26 7\"><line x1=\"20\" transform=\"translate(0 3.5)\" fill=\"none\" stroke=\"#171717\" stroke-width=\"1\"\/><path d=\"M3.5,0,7,6H0Z\" transform=\"translate(26) rotate(90)\" fill=\"#171717\"\/><\/svg><\/span>\n\t\t<span class=\"qodef-m-icon-arrow qodef-m-icon-arrow2\"><svg  xmlns=\"http:\/\/www.w3.org\/2000\/svg\" width=\"26\" height=\"7\" viewBox=\"0 0 26 7\"><line x1=\"20\" transform=\"translate(0 3.5)\" fill=\"none\" stroke=\"#171717\" stroke-width=\"1\"\/><path d=\"M3.5,0,7,6H0Z\" transform=\"translate(26) rotate(90)\" fill=\"#171717\"\/><\/svg><\/span>\n\t<\/span>\n\n<\/a>\n\t\t\t\t<\/div>\n\t\t\t\t<\/div>\n\t\t\t\t\t<\/div>\n\t\t<\/div>\n\t\t\t\t\t<\/div>\n\t\t<\/section>\n\t\t\t\t<section class=\"elementor-section elementor-top-section elementor-element elementor-element-d8babfa elementor-section-full_width elementor-section-stretched elementor-section-content-middle elementor-section-height-min-height qodef-parallax-home-animation  elementor-section-height-default elementor-section-items-middle qodef-elementor-content-no\" data-id=\"d8babfa\" data-element_type=\"section\" data-settings=\"{&quot;stretch_section&quot;:&quot;section-stretched&quot;,&quot;background_background&quot;:&quot;video&quot;,&quot;background_video_link&quot;:&quot;\\\/wp-content\\\/uploads\\\/2021\\\/08\\\/smiling-cheerful-african-girl-2CB6KJM.mp4&quot;,&quot;background_play_on_mobile&quot;:&quot;yes&quot;}\">\n\t\t\t\t\t\t\t\t<div class=\"elementor-background-video-container\" aria-hidden=\"true\">\n\t\t\t\t\t\t\t\t\t\t\t\t\t<video class=\"elementor-background-video-hosted\" autoplay muted playsinline loop><\/video>\n\t\t\t\t\t\t\t\t\t\t\t<\/div>\n\t\t\t\t\t\t\t\t<div class=\"elementor-container elementor-column-gap-default\">\n\t\t\t\t\t<div class=\"elementor-column elementor-col-100 elementor-top-column elementor-element elementor-element-f7b3392\" data-id=\"f7b3392\" data-element_type=\"column\">\n\t\t\t<div class=\"elementor-widget-wrap elementor-element-populated\">\n\t\t\t\t\t\t<div class=\"elementor-element elementor-element-fb287de elementor-widget elementor-widget-valiance_core_custom_font\" data-id=\"fb287de\" data-element_type=\"widget\" data-widget_type=\"valiance_core_custom_font.default\">\n\t\t\t\t<div class=\"elementor-widget-container\">\n\t\t\t\t\t<p class=\"qodef-shortcode qodef-m  qodef-custom-font qodef-custom-font-801 qodef-layout--simple\" style=\"color: #FFFFFF;font-family: Poppins;font-size: 110px;line-height: 93px;font-weight: 400\">Lass uns reden<\/p>\n\t\t\t\t<\/div>\n\t\t\t\t<\/div>\n\t\t\t\t<div class=\"elementor-element elementor-element-9230633 elementor-widget__width-auto elementor-widget elementor-widget-valiance_core_button\" data-id=\"9230633\" data-element_type=\"widget\" data-widget_type=\"valiance_core_button.default\">\n\t\t\t\t<div class=\"elementor-widget-container\">\n\t\t\t\t\t<a class=\"qodef-shortcode qodef-m  qodef-button qodef-layout--filled  qodef-html--link\" href=\"\/de\/Kontaktiere\" target=\"_self\"  style=\"color: #000000;background-color: #FFFFFF;margin: 52px 0 0 0\">\n\t<span class=\"qodef-m-text\">Kontaktiere uns<\/span>\n\t<span class=\"qodef-m-icon-arrow-wrapper\">\n\t\t<span class=\"qodef-m-icon-arrow qodef-m-icon-arrow1\"><svg  xmlns=\"http:\/\/www.w3.org\/2000\/svg\" width=\"26\" height=\"7\" viewBox=\"0 0 26 7\"><g transform=\"translate(-708.5 -168)\"><line x1=\"20\" transform=\"translate(708.5 171.5)\" fill=\"none\" stroke=\"#fff\" stroke-width=\"1\"\/><path d=\"M3.5,0,7,6H0Z\" transform=\"translate(734.5 168) rotate(90)\" fill=\"#fff\"\/><\/g><\/svg><\/span>\n\t\t<span class=\"qodef-m-icon-arrow qodef-m-icon-arrow2\"><svg  xmlns=\"http:\/\/www.w3.org\/2000\/svg\" width=\"26\" height=\"7\" viewBox=\"0 0 26 7\"><g transform=\"translate(-708.5 -168)\"><line x1=\"20\" transform=\"translate(708.5 171.5)\" fill=\"none\" stroke=\"#fff\" stroke-width=\"1\"\/><path d=\"M3.5,0,7,6H0Z\" transform=\"translate(734.5 168) rotate(90)\" fill=\"#fff\"\/><\/g><\/svg><\/span>\n\t<\/span>\n<\/a>\n\t\t\t\t<\/div>\n\t\t\t\t<\/div>\n\t\t\t\t\t<\/div>\n\t\t<\/div>\n\t\t\t\t\t<\/div>\n\t\t<\/section>\n\t\t\t\t<\/div>\n\t\t","protected":false},"excerpt":{"rendered":"<p>Our Business thrives Wir sind ein internationales Beratungsunternehmen, spezialisiert auf Gesch\u00e4ftswachstum und Franchise. Unseres multidisziplin\u00e4res und erfahrendes Team unterst\u00fctz Ihnen bei erfolgreicher Gesamtl\u00f6sungen in verschiedenen Bereiche wie Expansion, Recht, Unternehmensberatung, Beteiligungsmanagement, Personal, Qualit\u00e4t und Marketing. Mit einer konsolidierten Pr\u00e4senz in viele L\u00e4ndern sind wir Fachspezialisten f\u00fcr den MarktSpezialist f\u00fcr internationale M\u00e4rkte. \u00a0 View more Wir [&hellip;]<\/p>\n","protected":false},"author":3,"featured_media":0,"parent":0,"menu_order":0,"comment_status":"closed","ping_status":"closed","template":"","meta":{"footnotes":""},"class_list":["post-14905","page","type-page","status-publish","hentry"],"_links":{"self":[{"href":"https:\/\/intandemconsulting.com\/de\/wp-json\/wp\/v2\/pages\/14905","targetHints":{"allow":["GET"]}}],"collection":[{"href":"https:\/\/intandemconsulting.com\/de\/wp-json\/wp\/v2\/pages"}],"about":[{"href":"https:\/\/intandemconsulting.com\/de\/wp-json\/wp\/v2\/types\/page"}],"author":[{"embeddable":true,"href":"https:\/\/intandemconsulting.com\/de\/wp-json\/wp\/v2\/users\/3"}],"replies":[{"embeddable":true,"href":"https:\/\/intandemconsulting.com\/de\/wp-json\/wp\/v2\/comments?post=14905"}],"version-history":[{"count":0,"href":"https:\/\/intandemconsulting.com\/de\/wp-json\/wp\/v2\/pages\/14905\/revisions"}],"wp:attachment":[{"href":"https:\/\/intandemconsulting.com\/de\/wp-json\/wp\/v2\/media?parent=14905"}],"curies":[{"name":"wp","href":"https:\/\/api.w.org\/{rel}","templated":true}]}}